{"id":4934,"date":"2026-04-27T21:05:41","date_gmt":"2026-04-27T21:05:41","guid":{"rendered":"https:\/\/stage2424.com\/club\/product\/hooded-sweatshirt-new-grind-season-2026-3\/"},"modified":"2026-05-08T23:59:25","modified_gmt":"2026-05-08T23:59:25","slug":"hooded-sweatshirt-new-grind-season-2026-3","status":"publish","type":"product","link":"https:\/\/stage2424.com\/club\/product\/hooded-sweatshirt-new-grind-season-2026-3\/","title":{"rendered":"Hooded Sweatshirt \u2013 New Grind Season 2026"},"content":{"rendered":"<p>Con\u00e7u pour offrir un confort optimal au quotidien, ce sweat \u00e0 capuche \u00e9pais vous tient bien chaud. Gr\u00e2ce \u00e0 sa doublure en polaire douce et \u00e0 sa coupe ample, il se porte facilement en superposition, que vous sortiez ou restiez chez vous. Un incontournable sur lequel on peut compter, quelle que soit la saison ou son style.<\/p>\n<p>\u00b7 Tissu polaire en m\u00e9lange de coton et de polyester<br \/>\n\u00b7 Poids du tissu\u00a0: 339\u00a0g\/m\u00b2 (10\u00a0oz\/yd\u00b2)<br \/>\n\u00b7 Coupe d\u00e9contract\u00e9e pour une superposition facile<br \/>\n\u00b7 Capuche doubl\u00e9e en polaire douce pour plus de chaleur<br \/>\n\u00b7 Poignets et taille c\u00f4tel\u00e9s pour un maintien optimal<br \/>\n\u00b7 Coutures \u00e0 double piq\u00fbre durables<br \/>\n\u00b7 \u00c9tiquette amovible pour plus de confort<br \/>\n\u00b7 Produit vierge provenant du Pakistan<\/p>\n<p>Pour les coloris \u00ab camouflage \u00bb, de l\u00e9g\u00e8res nuances peuvent appara\u00eetre dans les zones plus claires du motif en raison de la structure du tissu.<\/p>\n","protected":false},"excerpt":{"rendered":"<p>Con\u00e7u pour offrir un confort optimal au quotidien, ce sweat \u00e0 capuche \u00e9pais vous tient bien chaud. Gr\u00e2ce \u00e0 sa doublure en polaire douce et \u00e0 sa coupe ample, il se porte facilement en superposition, que vous sortiez ou restiez chez vous. Un incontournable sur lequel on peut compter, quelle que soit la saison ou &hellip; <a href=\"https:\/\/stage2424.com\/club\/product\/hooded-sweatshirt-new-grind-season-2026-3\/\" class=\"more-link\">Poursuivre la lecture <span class=\"screen-reader-text\"> \u00ab\u00a0Hooded Sweatshirt \u2013 New Grind Season 2026\u00a0\u00bb<\/span><\/a><\/p>\n","protected":false},"featured_media":4943,"comment_status":"open","ping_status":"closed","template":"","meta":{"_eb_attr":""},"product_brand":[],"product_cat":[36],"product_tag":[],"class_list":{"0":"post-4934","1":"product","2":"type-product","3":"status-publish","4":"has-post-thumbnail","6":"product_cat-hoodies","8":"first","9":"instock","10":"taxable","11":"shipping-taxable","12":"purchasable","13":"product-type-variable","14":"has-default-attributes"},"jetpack_sharing_enabled":true,"_links":{"self":[{"href":"https:\/\/stage2424.com\/club\/wp-json\/wp\/v2\/product\/4934","targetHints":{"allow":["GET"]}}],"collection":[{"href":"https:\/\/stage2424.com\/club\/wp-json\/wp\/v2\/product"}],"about":[{"href":"https:\/\/stage2424.com\/club\/wp-json\/wp\/v2\/types\/product"}],"replies":[{"embeddable":true,"href":"https:\/\/stage2424.com\/club\/wp-json\/wp\/v2\/comments?post=4934"}],"wp:featuredmedia":[{"embeddable":true,"href":"https:\/\/stage2424.com\/club\/wp-json\/wp\/v2\/media\/4943"}],"wp:attachment":[{"href":"https:\/\/stage2424.com\/club\/wp-json\/wp\/v2\/media?parent=4934"}],"wp:term":[{"taxonomy":"product_brand","embeddable":true,"href":"https:\/\/stage2424.com\/club\/wp-json\/wp\/v2\/product_brand?post=4934"},{"taxonomy":"product_cat","embeddable":true,"href":"https:\/\/stage2424.com\/club\/wp-json\/wp\/v2\/product_cat?post=4934"},{"taxonomy":"product_tag","embeddable":true,"href":"https:\/\/stage2424.com\/club\/wp-json\/wp\/v2\/product_tag?post=4934"}],"curies":[{"name":"wp","href":"https:\/\/api.w.org\/{rel}","templated":true}]}}