{"id":3473,"date":"2025-10-01T16:39:47","date_gmt":"2025-10-01T16:39:47","guid":{"rendered":"https:\/\/stage2424.com\/club\/product\/grind-season-360-sweat-a-capuche-epais-oversize\/"},"modified":"2025-10-01T16:40:42","modified_gmt":"2025-10-01T16:40:42","slug":"grind-season-360-sweat-a-capuche-epais-oversize","status":"publish","type":"product","link":"https:\/\/stage2424.com\/club\/product\/grind-season-360-sweat-a-capuche-epais-oversize\/","title":{"rendered":"Grind Season 360 &#8211; Sweat \u00e0 capuche \u00e9pais oversize"},"content":{"rendered":"<p>\u00c9pais, doux et il est id\u00e9al pour se d\u00e9tendre. Ce sweat \u00e0 capuche oversize vous enveloppe de confort avec sa polaire bross\u00e9e et sa coupe large. Sans cordons de serrage, il pr\u00e9sente une ligne \u00e9pur\u00e9e et une sensation de confort. Facile \u00e0 enfiler, mais on ne voudra plus l\u2019enlever !<\/p>\n<p>\u2022 60\u00a0% coton peign\u00e9 et fil\u00e9 \u00e0 l\u2019anneau Airlume respirable, 40\u00a0% polaire de polyester<br \/>\n\u2022 Poids du tissu\u00a0: 339\u00a0g\/m\u00b2 (10\u00a0oz\/yd\u00b2)<br \/>\n\u2022 Polaire int\u00e9rieure bross\u00e9e pour une sensation douce et confortable<br \/>\n\u2022 Coupe large et unisexe\u00a0: met l\u2019accent sur le bien-\u00eatre<br \/>\n\u2022 Capuche doubl\u00e9e, sans cordon<br \/>\n\u2022 Poche avant pour vos affaires et vos en-cas<br \/>\n\u2022 Produit vierge provenant du Nicaragua<\/p>\n","protected":false},"excerpt":{"rendered":"<p>\u00c9pais, doux et il est id\u00e9al pour se d\u00e9tendre. Ce sweat \u00e0 capuche oversize vous enveloppe de confort avec sa polaire bross\u00e9e et sa coupe large. Sans cordons de serrage, il pr\u00e9sente une ligne \u00e9pur\u00e9e et une sensation de confort. Facile \u00e0 enfiler, mais on ne voudra plus l\u2019enlever ! \u2022 60\u00a0% coton peign\u00e9 et &hellip; <a href=\"https:\/\/stage2424.com\/club\/product\/grind-season-360-sweat-a-capuche-epais-oversize\/\" class=\"more-link\">Poursuivre la lecture <span class=\"screen-reader-text\"> \u00ab\u00a0Grind Season 360 &#8211; Sweat \u00e0 capuche \u00e9pais oversize\u00a0\u00bb<\/span><\/a><\/p>\n","protected":false},"featured_media":3482,"comment_status":"open","ping_status":"closed","template":"","meta":{"_eb_attr":""},"product_brand":[],"product_cat":[36],"product_tag":[],"class_list":{"0":"post-3473","1":"product","2":"type-product","3":"status-publish","4":"has-post-thumbnail","6":"product_cat-hoodies","8":"first","9":"instock","10":"taxable","11":"shipping-taxable","12":"purchasable","13":"product-type-variable"},"jetpack_sharing_enabled":true,"_links":{"self":[{"href":"https:\/\/stage2424.com\/club\/wp-json\/wp\/v2\/product\/3473","targetHints":{"allow":["GET"]}}],"collection":[{"href":"https:\/\/stage2424.com\/club\/wp-json\/wp\/v2\/product"}],"about":[{"href":"https:\/\/stage2424.com\/club\/wp-json\/wp\/v2\/types\/product"}],"replies":[{"embeddable":true,"href":"https:\/\/stage2424.com\/club\/wp-json\/wp\/v2\/comments?post=3473"}],"wp:featuredmedia":[{"embeddable":true,"href":"https:\/\/stage2424.com\/club\/wp-json\/wp\/v2\/media\/3482"}],"wp:attachment":[{"href":"https:\/\/stage2424.com\/club\/wp-json\/wp\/v2\/media?parent=3473"}],"wp:term":[{"taxonomy":"product_brand","embeddable":true,"href":"https:\/\/stage2424.com\/club\/wp-json\/wp\/v2\/product_brand?post=3473"},{"taxonomy":"product_cat","embeddable":true,"href":"https:\/\/stage2424.com\/club\/wp-json\/wp\/v2\/product_cat?post=3473"},{"taxonomy":"product_tag","embeddable":true,"href":"https:\/\/stage2424.com\/club\/wp-json\/wp\/v2\/product_tag?post=3473"}],"curies":[{"name":"wp","href":"https:\/\/api.w.org\/{rel}","templated":true}]}}