{"id":3390,"date":"2025-10-01T13:37:04","date_gmt":"2025-10-01T13:37:04","guid":{"rendered":"https:\/\/stage2424.com\/club\/product\/grind-season-360-sweat-a-capuche-unisexe\/"},"modified":"2025-10-01T13:37:51","modified_gmt":"2025-10-01T13:37:51","slug":"grind-season-360-sweat-a-capuche-unisexe","status":"publish","type":"product","link":"https:\/\/stage2424.com\/club\/product\/grind-season-360-sweat-a-capuche-unisexe\/","title":{"rendered":"Grind Season 360 &#8211; Sweat \u00e0 Capuche Unisexe"},"content":{"rendered":"<p>Qui aurait su que le sweat \u00e0 capuche le plus doux qui existe, \u00e9tait aussi livr\u00e9 avec un design incroyable. Vous ne regretterez pas d\u2019avoir achet\u00e9 ce classique du streetwear avec sa poche pratique et une capuche chaude pour les soir\u00e9es fra\u00eeches.<\/p>\n<p>\u2022 100\u00a0% coton<br \/>\n\u2022 65\u00a0% coton fil\u00e9 \u00e0 l\u2019anneau, 35\u00a0% polyester<br \/>\n\u2022 Poche avant<br \/>\n\u2022 \u00c9cusson en tissu \u00e0 l\u2019arri\u00e8re<br \/>\n\u2022 Cordons de serrage plats assortis<br \/>\n\u2022 Capuche \u00e0 3 panneaux<br \/>\n\u2022 Produit vierge provenant du Pakistan<\/p>\n<p>Avertissement\u00a0: ce sweat \u00e0 capuche est petit. Pour un ajustement parfait, nous vous recommandons de commander une taille plus grande que votre taille habituelle.<\/p>\n","protected":false},"excerpt":{"rendered":"<p>Qui aurait su que le sweat \u00e0 capuche le plus doux qui existe, \u00e9tait aussi livr\u00e9 avec un design incroyable. Vous ne regretterez pas d\u2019avoir achet\u00e9 ce classique du streetwear avec sa poche pratique et une capuche chaude pour les soir\u00e9es fra\u00eeches. \u2022 100\u00a0% coton \u2022 65\u00a0% coton fil\u00e9 \u00e0 l\u2019anneau, 35\u00a0% polyester \u2022 Poche &hellip; <a href=\"https:\/\/stage2424.com\/club\/product\/grind-season-360-sweat-a-capuche-unisexe\/\" class=\"more-link\">Poursuivre la lecture <span class=\"screen-reader-text\"> \u00ab\u00a0Grind Season 360 &#8211; Sweat \u00e0 Capuche Unisexe\u00a0\u00bb<\/span><\/a><\/p>\n","protected":false},"featured_media":3399,"comment_status":"open","ping_status":"closed","template":"","meta":{"_eb_attr":""},"product_brand":[],"product_cat":[36],"product_tag":[],"class_list":{"0":"post-3390","1":"product","2":"type-product","3":"status-publish","4":"has-post-thumbnail","6":"product_cat-hoodies","8":"first","9":"instock","10":"taxable","11":"shipping-taxable","12":"purchasable","13":"product-type-variable"},"jetpack_sharing_enabled":true,"_links":{"self":[{"href":"https:\/\/stage2424.com\/club\/wp-json\/wp\/v2\/product\/3390","targetHints":{"allow":["GET"]}}],"collection":[{"href":"https:\/\/stage2424.com\/club\/wp-json\/wp\/v2\/product"}],"about":[{"href":"https:\/\/stage2424.com\/club\/wp-json\/wp\/v2\/types\/product"}],"replies":[{"embeddable":true,"href":"https:\/\/stage2424.com\/club\/wp-json\/wp\/v2\/comments?post=3390"}],"wp:featuredmedia":[{"embeddable":true,"href":"https:\/\/stage2424.com\/club\/wp-json\/wp\/v2\/media\/3399"}],"wp:attachment":[{"href":"https:\/\/stage2424.com\/club\/wp-json\/wp\/v2\/media?parent=3390"}],"wp:term":[{"taxonomy":"product_brand","embeddable":true,"href":"https:\/\/stage2424.com\/club\/wp-json\/wp\/v2\/product_brand?post=3390"},{"taxonomy":"product_cat","embeddable":true,"href":"https:\/\/stage2424.com\/club\/wp-json\/wp\/v2\/product_cat?post=3390"},{"taxonomy":"product_tag","embeddable":true,"href":"https:\/\/stage2424.com\/club\/wp-json\/wp\/v2\/product_tag?post=3390"}],"curies":[{"name":"wp","href":"https:\/\/api.w.org\/{rel}","templated":true}]}}