{"id":3377,"date":"2025-10-01T13:25:16","date_gmt":"2025-10-01T13:25:16","guid":{"rendered":"https:\/\/stage2424.com\/club\/product\/grind-season-classic-sweat-a-capuche-boxy-pour-hommes\/"},"modified":"2025-10-01T13:26:02","modified_gmt":"2025-10-01T13:26:02","slug":"grind-season-classic-sweat-a-capuche-boxy-pour-hommes","status":"publish","type":"product","link":"https:\/\/stage2424.com\/club\/product\/grind-season-classic-sweat-a-capuche-boxy-pour-hommes\/","title":{"rendered":"Grind Season Classic &#8211; Sweat \u00e0 capuche boxy pour hommes"},"content":{"rendered":"<p>Le molleton \u00e0 mailles serr\u00e9es de ce sweat \u00e0 capuche offre une douceur haut de gamme. Ses \u00e9paules tombantes et son encolure crois\u00e9e lui donnent une coupe boxy moderne.<\/p>\n<p>\u2022 60\u00a0%\u00a0coton et 40\u00a0%\u00a0polyester<br \/>\n\u2022 La couleur gris carbone est compos\u00e9e de 55\u00a0% coton, 45\u00a0% polyester<br \/>\n\u2022 Polaire \u00e0 3\u00a0couches<br \/>\n\u2022 Poids du tissu\u00a0: 339\u00a0g\/m\u00b2 (10\u00a0oz\/yd\u00b2)<br \/>\n\u2022 Coupe d\u00e9contract\u00e9e et ample <br \/>\n\u2022 Manches mont\u00e9es<br \/>\n\u2022 \u00c9paules tombantes<br \/>\n\u2022 Encolure superpos\u00e9e<br \/>\n\u2022 C\u00f4tes 1 \u00d7 1 aux poignets et \u00e0 la taille<br \/>\n\u2022 Capuche double \u00e9paisseur dans le m\u00eame tissu<br \/>\n\u2022 Bande de renfort en jersey simple \u00e0 l\u2019int\u00e9rieur du dos<br \/>\n\u2022 Demi-lune dans le m\u00eame tissu \u00e0 l\u2019int\u00e9rieur du dos<br \/>\n\u2022 Produit vierge provenant du Pakistan<\/p>\n","protected":false},"excerpt":{"rendered":"<p>Le molleton \u00e0 mailles serr\u00e9es de ce sweat \u00e0 capuche offre une douceur haut de gamme. Ses \u00e9paules tombantes et son encolure crois\u00e9e lui donnent une coupe boxy moderne. \u2022 60\u00a0%\u00a0coton et 40\u00a0%\u00a0polyester \u2022 La couleur gris carbone est compos\u00e9e de 55\u00a0% coton, 45\u00a0% polyester \u2022 Polaire \u00e0 3\u00a0couches \u2022 Poids du tissu\u00a0: 339\u00a0g\/m\u00b2 (10\u00a0oz\/yd\u00b2) &hellip; <a href=\"https:\/\/stage2424.com\/club\/product\/grind-season-classic-sweat-a-capuche-boxy-pour-hommes\/\" class=\"more-link\">Poursuivre la lecture <span class=\"screen-reader-text\"> \u00ab\u00a0Grind Season Classic &#8211; Sweat \u00e0 capuche boxy pour hommes\u00a0\u00bb<\/span><\/a><\/p>\n","protected":false},"featured_media":3386,"comment_status":"open","ping_status":"closed","template":"","meta":{"_eb_attr":""},"product_brand":[],"product_cat":[36],"product_tag":[],"class_list":{"0":"post-3377","1":"product","2":"type-product","3":"status-publish","4":"has-post-thumbnail","6":"product_cat-hoodies","8":"first","9":"instock","10":"taxable","11":"shipping-taxable","12":"purchasable","13":"product-type-variable"},"jetpack_sharing_enabled":true,"_links":{"self":[{"href":"https:\/\/stage2424.com\/club\/wp-json\/wp\/v2\/product\/3377","targetHints":{"allow":["GET"]}}],"collection":[{"href":"https:\/\/stage2424.com\/club\/wp-json\/wp\/v2\/product"}],"about":[{"href":"https:\/\/stage2424.com\/club\/wp-json\/wp\/v2\/types\/product"}],"replies":[{"embeddable":true,"href":"https:\/\/stage2424.com\/club\/wp-json\/wp\/v2\/comments?post=3377"}],"wp:featuredmedia":[{"embeddable":true,"href":"https:\/\/stage2424.com\/club\/wp-json\/wp\/v2\/media\/3386"}],"wp:attachment":[{"href":"https:\/\/stage2424.com\/club\/wp-json\/wp\/v2\/media?parent=3377"}],"wp:term":[{"taxonomy":"product_brand","embeddable":true,"href":"https:\/\/stage2424.com\/club\/wp-json\/wp\/v2\/product_brand?post=3377"},{"taxonomy":"product_cat","embeddable":true,"href":"https:\/\/stage2424.com\/club\/wp-json\/wp\/v2\/product_cat?post=3377"},{"taxonomy":"product_tag","embeddable":true,"href":"https:\/\/stage2424.com\/club\/wp-json\/wp\/v2\/product_tag?post=3377"}],"curies":[{"name":"wp","href":"https:\/\/api.w.org\/{rel}","templated":true}]}}